{"id":268,"date":"2025-10-22T14:26:13","date_gmt":"2025-10-22T14:26:13","guid":{"rendered":"https:\/\/littlewondersmonaco.com\/?page_id=268"},"modified":"2026-02-10T15:45:31","modified_gmt":"2026-02-10T15:45:31","slug":"qui-sommes-nous","status":"publish","type":"page","link":"https:\/\/littlewondersmonaco.com\/en\/qui-sommes-nous\/","title":{"rendered":"Who are we"},"content":{"rendered":"<div data-elementor-type=\"wp-page\" data-elementor-id=\"268\" class=\"elementor elementor-268\">\n\t\t\t\t\t\t<section class=\"elementor-section elementor-top-section elementor-element elementor-element-f7b4229 elementor-section-boxed elementor-section-height-default elementor-section-height-default\" data-id=\"f7b4229\" data-element_type=\"section\" data-e-type=\"section\">\n\t\t\t\t\t\t\t<div class=\"elementor-background-overlay\"><\/div>\n\t\t\t\t\t\t\t<div class=\"elementor-container elementor-column-gap-default\">\n\t\t\t\t\t<div class=\"elementor-column elementor-col-50 elementor-top-column elementor-element elementor-element-812d74a\" data-id=\"812d74a\" data-element_type=\"column\" data-e-type=\"column\" data-settings=\"{&quot;background_background&quot;:&quot;classic&quot;}\">\n\t\t\t<div class=\"elementor-widget-wrap elementor-element-populated\">\n\t\t\t\t\t\t<div class=\"elementor-element elementor-element-e7f554f elementor-widget elementor-widget-image\" data-id=\"e7f554f\" data-element_type=\"widget\" data-e-type=\"widget\" data-widget_type=\"image.default\">\n\t\t\t\t<div class=\"elementor-widget-container\">\n\t\t\t\t\t\t\t\t\t\t\t\t\t\t\t<img fetchpriority=\"high\" decoding=\"async\" width=\"683\" height=\"1024\" src=\"https:\/\/littlewondersmonaco.com\/wp-content\/uploads\/2026\/02\/IMG_4828-1-683x1024.jpg\" class=\"attachment-large size-large wp-image-822\" alt=\"\" srcset=\"https:\/\/littlewondersmonaco.com\/wp-content\/uploads\/2026\/02\/IMG_4828-1-683x1024.jpg 683w, https:\/\/littlewondersmonaco.com\/wp-content\/uploads\/2026\/02\/IMG_4828-1-scaled-600x900.jpg 600w, https:\/\/littlewondersmonaco.com\/wp-content\/uploads\/2026\/02\/IMG_4828-1-200x300.jpg 200w, https:\/\/littlewondersmonaco.com\/wp-content\/uploads\/2026\/02\/IMG_4828-1-768x1152.jpg 768w, https:\/\/littlewondersmonaco.com\/wp-content\/uploads\/2026\/02\/IMG_4828-1-1024x1536.jpg 1024w, https:\/\/littlewondersmonaco.com\/wp-content\/uploads\/2026\/02\/IMG_4828-1-1365x2048.jpg 1365w, https:\/\/littlewondersmonaco.com\/wp-content\/uploads\/2026\/02\/IMG_4828-1-scaled.jpg 1706w\" sizes=\"(max-width: 683px) 100vw, 683px\" \/>\t\t\t\t\t\t\t\t\t\t\t\t\t\t\t<\/div>\n\t\t\t\t<\/div>\n\t\t\t\t\t<\/div>\n\t\t<\/div>\n\t\t\t\t<div class=\"elementor-column elementor-col-50 elementor-top-column elementor-element elementor-element-884f534\" data-id=\"884f534\" data-element_type=\"column\" data-e-type=\"column\">\n\t\t\t<div class=\"elementor-widget-wrap elementor-element-populated\">\n\t\t\t\t\t\t<div class=\"elementor-element elementor-element-f440ea1 elementor-widget elementor-widget-spacer\" data-id=\"f440ea1\" data-element_type=\"widget\" data-e-type=\"widget\" data-widget_type=\"spacer.default\">\n\t\t\t\t<div class=\"elementor-widget-container\">\n\t\t\t\t\t\t\t<div class=\"elementor-spacer\">\n\t\t\t<div class=\"elementor-spacer-inner\"><\/div>\n\t\t<\/div>\n\t\t\t\t\t\t<\/div>\n\t\t\t\t<\/div>\n\t\t\t\t<div class=\"elementor-element elementor-element-666083a elementor-widget elementor-widget-heading\" data-id=\"666083a\" data-element_type=\"widget\" data-e-type=\"widget\" data-widget_type=\"heading.default\">\n\t\t\t\t<div class=\"elementor-widget-container\">\n\t\t\t\t\t<h2 class=\"elementor-heading-title elementor-size-default\">HAPPY &amp; SAFE PLACE<\/h2>\t\t\t\t<\/div>\n\t\t\t\t<\/div>\n\t\t\t\t<div class=\"elementor-element elementor-element-ccf3736 elementor-widget elementor-widget-text-editor\" data-id=\"ccf3736\" data-element_type=\"widget\" data-e-type=\"widget\" data-widget_type=\"text-editor.default\">\n\t\t\t\t<div class=\"elementor-widget-container\">\n\t\t\t\t\t\t\t\t\t<p class=\"p1 translation-block\">Little Wonders <span style=\"font-family: var(--global-body-font-family)\">was born out of a simple yet essential desire:<br><\/span><span style=\"font-family: var(--global-body-font-family)\">to create a place where children can <strong>thrive<\/strong>, <strong>play<\/strong> and <strong>explore<\/strong> in complete <span style=\"text-decoration: underline\">safety<\/span>, while <em>parents<\/em> enjoy a moment of <em>relaxation<\/em>, <em>togetherness<\/em>, and <em>peace of mind<\/em>.<\/span><\/p><p class=\"p3 translation-block\"><span class=\"s2\">At Little Wonders, <strong>play<\/strong> goes hand in hand with <strong>learning<\/strong>, <span style=\"text-decoration: underline\">growing<\/span> and <span style=\"text-decoration: underline\">wondering.<\/span><\/span><\/p><p class=\"p3\"><span class=\"s2\">Parce que les parents m\u00e9ritent eux aussi un moment pour souffler, nous avons int\u00e9gr\u00e9 un <\/span><span class=\"s4\"><span style=\"text-decoration: underline;\">espace caf\u00e9<\/span> warm<\/span><span class=\"s2\">, proposant une s\u00e9lection gourmande de qualit\u00e9, \u00e0 savourer sur place pendant que les enfants s\u2019amusent.<\/span><\/p><p class=\"p3 translation-block\"><span class=\"s2\">More than just a playground, Little Wonders is a <\/span><span class=\"s4\"><strong>place for gatherings<\/strong>, <span style=\"text-decoration: underline\">memories<\/span>, and precious moments<\/span><span class=\"s2\">, where people come to celebrate birthdays, share a snack, or simply enjoy a timeless moment with family<\/span><\/p>\t\t\t\t\t\t\t\t<\/div>\n\t\t\t\t<\/div>\n\t\t\t\t\t<\/div>\n\t\t<\/div>\n\t\t\t\t\t<\/div>\n\t\t<\/section>\n\t\t\t\t<section class=\"elementor-section elementor-top-section elementor-element elementor-element-af8de1b elementor-section-boxed elementor-section-height-default elementor-section-height-default\" data-id=\"af8de1b\" data-element_type=\"section\" data-e-type=\"section\">\n\t\t\t\t\t\t<div class=\"elementor-container elementor-column-gap-default\">\n\t\t\t\t\t<div class=\"elementor-column elementor-col-50 elementor-top-column elementor-element elementor-element-20b137a\" data-id=\"20b137a\" data-element_type=\"column\" data-e-type=\"column\" data-settings=\"{&quot;background_background&quot;:&quot;classic&quot;}\">\n\t\t\t<div class=\"elementor-widget-wrap elementor-element-populated\">\n\t\t\t\t\t\t<div class=\"elementor-element elementor-element-dd85992 elementor-hidden-tablet elementor-hidden-mobile elementor-widget elementor-widget-spacer\" data-id=\"dd85992\" data-element_type=\"widget\" data-e-type=\"widget\" data-widget_type=\"spacer.default\">\n\t\t\t\t<div class=\"elementor-widget-container\">\n\t\t\t\t\t\t\t<div class=\"elementor-spacer\">\n\t\t\t<div class=\"elementor-spacer-inner\"><\/div>\n\t\t<\/div>\n\t\t\t\t\t\t<\/div>\n\t\t\t\t<\/div>\n\t\t\t\t<div class=\"elementor-element elementor-element-24c62f3 elementor-widget elementor-widget-heading\" data-id=\"24c62f3\" data-element_type=\"widget\" data-e-type=\"widget\" data-widget_type=\"heading.default\">\n\t\t\t\t<div class=\"elementor-widget-container\">\n\t\t\t\t\t<h2 class=\"elementor-heading-title elementor-size-default\">\u00c9lise &amp; Marie<\/h2>\t\t\t\t<\/div>\n\t\t\t\t<\/div>\n\t\t\t\t<div class=\"elementor-element elementor-element-f574352 elementor-widget elementor-widget-text-editor\" data-id=\"f574352\" data-element_type=\"widget\" data-e-type=\"widget\" data-widget_type=\"text-editor.default\">\n\t\t\t\t<div class=\"elementor-widget-container\">\n\t\t\t\t\t\t\t\t\t<p class=\"p3 translation-block\"><span class=\"s2\">Founded by two moms of <\/span><span class=\"s4\">two children aged 1 and 3<\/span><span class=\"s2\">, Little Wonders was created based on our own experiences as parents. We understand the needs of toddlers, the expectations of families, and the importance of providing a space that is fun, safe, and reassuring.<\/span><\/p><p class=\"p3 translation-block\"><span class=\"s2\">We wanted to create a <\/span><span class=\"s4\">truly family-friendly space<\/span><span class=\"s2\">\u2014elegant and welcoming\u2014where every detail has been carefully considered. Our play areas are tailored to each age group and promote children\u2019s motor, sensory, and social development in a safe environment that complies with current safety standards.<\/span><\/p><p class=\"p3\"><span class=\"s2\">\u2728 <\/span><span class=\"s4\">Bienvenue chez Little Wonders, l\u00e0 o\u00f9 chaque moment devient un merveilleux souvenir.<\/span><\/p>\t\t\t\t\t\t\t\t<\/div>\n\t\t\t\t<\/div>\n\t\t\t\t\t<\/div>\n\t\t<\/div>\n\t\t\t\t<div class=\"elementor-column elementor-col-50 elementor-top-column elementor-element elementor-element-45b3aea\" data-id=\"45b3aea\" data-element_type=\"column\" data-e-type=\"column\">\n\t\t\t<div class=\"elementor-widget-wrap elementor-element-populated\">\n\t\t\t\t\t\t<div class=\"elementor-element elementor-element-e6779c1 elementor-hidden-tablet elementor-hidden-mobile elementor-widget elementor-widget-spacer\" data-id=\"e6779c1\" data-element_type=\"widget\" data-e-type=\"widget\" data-widget_type=\"spacer.default\">\n\t\t\t\t<div class=\"elementor-widget-container\">\n\t\t\t\t\t\t\t<div class=\"elementor-spacer\">\n\t\t\t<div class=\"elementor-spacer-inner\"><\/div>\n\t\t<\/div>\n\t\t\t\t\t\t<\/div>\n\t\t\t\t<\/div>\n\t\t\t\t<div class=\"elementor-element elementor-element-f4f3f0d elementor-widget elementor-widget-image\" data-id=\"f4f3f0d\" data-element_type=\"widget\" data-e-type=\"widget\" data-widget_type=\"image.default\">\n\t\t\t\t<div class=\"elementor-widget-container\">\n\t\t\t\t\t\t\t\t\t\t\t\t\t\t\t<img decoding=\"async\" width=\"657\" height=\"888\" src=\"https:\/\/littlewondersmonaco.com\/wp-content\/uploads\/2026\/02\/96d20fca-7baa-46c9-aa79-025aba6f33ef.jpg\" class=\"attachment-large size-large wp-image-814\" alt=\"\" srcset=\"https:\/\/littlewondersmonaco.com\/wp-content\/uploads\/2026\/02\/96d20fca-7baa-46c9-aa79-025aba6f33ef.jpg 657w, https:\/\/littlewondersmonaco.com\/wp-content\/uploads\/2026\/02\/96d20fca-7baa-46c9-aa79-025aba6f33ef-600x811.jpg 600w, https:\/\/littlewondersmonaco.com\/wp-content\/uploads\/2026\/02\/96d20fca-7baa-46c9-aa79-025aba6f33ef-222x300.jpg 222w\" sizes=\"(max-width: 657px) 100vw, 657px\" \/>\t\t\t\t\t\t\t\t\t\t\t\t\t\t\t<\/div>\n\t\t\t\t<\/div>\n\t\t\t\t\t<\/div>\n\t\t<\/div>\n\t\t\t\t\t<\/div>\n\t\t<\/section>\n\t\t\t\t<section class=\"elementor-section elementor-top-section elementor-element elementor-element-a257fee elementor-section-boxed elementor-section-height-default elementor-section-height-default\" data-id=\"a257fee\" data-element_type=\"section\" data-e-type=\"section\">\n\t\t\t\t\t\t\t<div class=\"elementor-background-overlay\"><\/div>\n\t\t\t\t\t\t\t<div class=\"elementor-container elementor-column-gap-default\">\n\t\t\t\t\t<div class=\"elementor-column elementor-col-100 elementor-top-column elementor-element elementor-element-f0380f9\" data-id=\"f0380f9\" data-element_type=\"column\" data-e-type=\"column\">\n\t\t\t<div class=\"elementor-widget-wrap elementor-element-populated\">\n\t\t\t\t\t\t<div class=\"elementor-element elementor-element-2623380 elementor-widget elementor-widget-spacer\" data-id=\"2623380\" data-element_type=\"widget\" data-e-type=\"widget\" data-widget_type=\"spacer.default\">\n\t\t\t\t<div class=\"elementor-widget-container\">\n\t\t\t\t\t\t\t<div class=\"elementor-spacer\">\n\t\t\t<div class=\"elementor-spacer-inner\"><\/div>\n\t\t<\/div>\n\t\t\t\t\t\t<\/div>\n\t\t\t\t<\/div>\n\t\t\t\t<div class=\"elementor-element elementor-element-ea1681e elementor-widget elementor-widget-spacer\" data-id=\"ea1681e\" data-element_type=\"widget\" data-e-type=\"widget\" data-widget_type=\"spacer.default\">\n\t\t\t\t<div class=\"elementor-widget-container\">\n\t\t\t\t\t\t\t<div class=\"elementor-spacer\">\n\t\t\t<div class=\"elementor-spacer-inner\"><\/div>\n\t\t<\/div>\n\t\t\t\t\t\t<\/div>\n\t\t\t\t<\/div>\n\t\t\t\t<div class=\"elementor-element elementor-element-764476f elementor-widget elementor-widget-heading\" data-id=\"764476f\" data-element_type=\"widget\" data-e-type=\"widget\" data-widget_type=\"heading.default\">\n\t\t\t\t<div class=\"elementor-widget-container\">\n\t\t\t\t\t<h2 class=\"elementor-heading-title elementor-size-default\">As reported in the press<\/h2>\t\t\t\t<\/div>\n\t\t\t\t<\/div>\n\t\t\t\t<div class=\"elementor-element elementor-element-9674c85 e-transform elementor-widget-divider--view-line elementor-widget elementor-widget-divider\" data-id=\"9674c85\" data-element_type=\"widget\" data-e-type=\"widget\" data-settings=\"{&quot;_transform_translateX_effect&quot;:{&quot;unit&quot;:&quot;px&quot;,&quot;size&quot;:-439,&quot;sizes&quot;:[]},&quot;_transform_translateY_effect&quot;:{&quot;unit&quot;:&quot;px&quot;,&quot;size&quot;:-12,&quot;sizes&quot;:[]},&quot;_transform_translateX_effect_mobile&quot;:{&quot;unit&quot;:&quot;px&quot;,&quot;size&quot;:0,&quot;sizes&quot;:[]},&quot;_transform_translateY_effect_mobile&quot;:{&quot;unit&quot;:&quot;px&quot;,&quot;size&quot;:0,&quot;sizes&quot;:[]},&quot;_transform_translateX_effect_tablet&quot;:{&quot;unit&quot;:&quot;px&quot;,&quot;size&quot;:&quot;&quot;,&quot;sizes&quot;:[]},&quot;_transform_translateY_effect_tablet&quot;:{&quot;unit&quot;:&quot;px&quot;,&quot;size&quot;:&quot;&quot;,&quot;sizes&quot;:[]}}\" data-widget_type=\"divider.default\">\n\t\t\t\t<div class=\"elementor-widget-container\">\n\t\t\t\t\t\t\t<div class=\"elementor-divider\">\n\t\t\t<span class=\"elementor-divider-separator\">\n\t\t\t\t\t\t<\/span>\n\t\t<\/div>\n\t\t\t\t\t\t<\/div>\n\t\t\t\t<\/div>\n\t\t\t\t<div class=\"elementor-element elementor-element-5dcc174 elementor-arrows-position-inside elementor-pagination-position-outside elementor-widget elementor-widget-image-carousel\" data-id=\"5dcc174\" data-element_type=\"widget\" data-e-type=\"widget\" data-settings=\"{&quot;slides_to_show&quot;:&quot;6&quot;,&quot;image_spacing_custom&quot;:{&quot;unit&quot;:&quot;px&quot;,&quot;size&quot;:61,&quot;sizes&quot;:[]},&quot;slides_to_show_mobile&quot;:&quot;4&quot;,&quot;navigation&quot;:&quot;both&quot;,&quot;autoplay&quot;:&quot;yes&quot;,&quot;pause_on_hover&quot;:&quot;yes&quot;,&quot;pause_on_interaction&quot;:&quot;yes&quot;,&quot;autoplay_speed&quot;:5000,&quot;infinite&quot;:&quot;yes&quot;,&quot;speed&quot;:500,&quot;image_spacing_custom_tablet&quot;:{&quot;unit&quot;:&quot;px&quot;,&quot;size&quot;:&quot;&quot;,&quot;sizes&quot;:[]},&quot;image_spacing_custom_mobile&quot;:{&quot;unit&quot;:&quot;px&quot;,&quot;size&quot;:&quot;&quot;,&quot;sizes&quot;:[]}}\" data-widget_type=\"image-carousel.default\">\n\t\t\t\t<div class=\"elementor-widget-container\">\n\t\t\t\t\t\t\t<div class=\"elementor-image-carousel-wrapper swiper\" role=\"region\" aria-roledescription=\"carousel\" aria-label=\"Carrousel d\u2019images\" dir=\"ltr\">\n\t\t\t<div class=\"elementor-image-carousel swiper-wrapper\" aria-live=\"off\">\n\t\t\t\t\t\t\t\t<div class=\"swiper-slide\" role=\"group\" aria-roledescription=\"slide\" aria-label=\"1 sur 6\"><figure class=\"swiper-slide-inner\"><img decoding=\"async\" class=\"swiper-slide-image\" src=\"https:\/\/littlewondersmonaco.com\/wp-content\/uploads\/2026\/02\/Unknown.png\" alt=\"Unknown\" \/><\/figure><\/div><div class=\"swiper-slide\" role=\"group\" aria-roledescription=\"slide\" aria-label=\"2 sur 6\"><figure class=\"swiper-slide-inner\"><img decoding=\"async\" class=\"swiper-slide-image\" src=\"https:\/\/littlewondersmonaco.com\/wp-content\/uploads\/2026\/02\/Unknown-e1770452039537.jpeg\" alt=\"Unknown\" \/><\/figure><\/div><div class=\"swiper-slide\" role=\"group\" aria-roledescription=\"slide\" aria-label=\"3 sur 6\"><figure class=\"swiper-slide-inner\"><img decoding=\"async\" class=\"swiper-slide-image\" src=\"https:\/\/littlewondersmonaco.com\/wp-content\/uploads\/2026\/02\/point-de-vue.png\" alt=\"point de vue\" \/><\/figure><\/div><div class=\"swiper-slide\" role=\"group\" aria-roledescription=\"slide\" aria-label=\"4 sur 6\"><figure class=\"swiper-slide-inner\"><img decoding=\"async\" class=\"swiper-slide-image\" src=\"https:\/\/littlewondersmonaco.com\/wp-content\/uploads\/2026\/02\/Monaco-Matin_logo-300x40.png\" alt=\"Monaco-Matin_logo\" \/><\/figure><\/div><div class=\"swiper-slide\" role=\"group\" aria-roledescription=\"slide\" aria-label=\"5 sur 6\"><figure class=\"swiper-slide-inner\"><img decoding=\"async\" class=\"swiper-slide-image\" src=\"https:\/\/littlewondersmonaco.com\/wp-content\/uploads\/2026\/02\/monaco-hebdo-e1770452055571.png\" alt=\"monaco hebdo\" \/><\/figure><\/div><div class=\"swiper-slide\" role=\"group\" aria-roledescription=\"slide\" aria-label=\"6 sur 6\"><figure class=\"swiper-slide-inner\"><img decoding=\"async\" class=\"swiper-slide-image\" src=\"https:\/\/littlewondersmonaco.com\/wp-content\/uploads\/2026\/02\/logo_8562-300x127.png\" alt=\"logo_8562\" \/><\/figure><\/div>\t\t\t<\/div>\n\t\t\t\t\t\t\t\t\t\t\t\t<div class=\"elementor-swiper-button elementor-swiper-button-prev\" role=\"button\" tabindex=\"0\">\n\t\t\t\t\t\t<i aria-hidden=\"true\" class=\"eicon-chevron-left\"><\/i>\t\t\t\t\t<\/div>\n\t\t\t\t\t<div class=\"elementor-swiper-button elementor-swiper-button-next\" role=\"button\" tabindex=\"0\">\n\t\t\t\t\t\t<i aria-hidden=\"true\" class=\"eicon-chevron-right\"><\/i>\t\t\t\t\t<\/div>\n\t\t\t\t\n\t\t\t\t\t\t\t\t\t<div class=\"swiper-pagination\"><\/div>\n\t\t\t\t\t\t\t\t\t<\/div>\n\t\t\t\t\t\t<\/div>\n\t\t\t\t<\/div>\n\t\t\t\t<div class=\"elementor-element elementor-element-7869f7a elementor-widget elementor-widget-spacer\" data-id=\"7869f7a\" data-element_type=\"widget\" data-e-type=\"widget\" data-widget_type=\"spacer.default\">\n\t\t\t\t<div class=\"elementor-widget-container\">\n\t\t\t\t\t\t\t<div class=\"elementor-spacer\">\n\t\t\t<div class=\"elementor-spacer-inner\"><\/div>\n\t\t<\/div>\n\t\t\t\t\t\t<\/div>\n\t\t\t\t<\/div>\n\t\t\t\t\t<\/div>\n\t\t<\/div>\n\t\t\t\t\t<\/div>\n\t\t<\/section>\n\t\t\t\t<section class=\"elementor-section elementor-top-section elementor-element elementor-element-d9989ee elementor-section-boxed elementor-section-height-default elementor-section-height-default\" data-id=\"d9989ee\" data-element_type=\"section\" data-e-type=\"section\">\n\t\t\t\t\t\t<div class=\"elementor-container elementor-column-gap-default\">\n\t\t\t\t\t<div class=\"elementor-column elementor-col-100 elementor-top-column elementor-element elementor-element-09ea1b2\" data-id=\"09ea1b2\" data-element_type=\"column\" data-e-type=\"column\">\n\t\t\t<div class=\"elementor-widget-wrap elementor-element-populated\">\n\t\t\t\t\t\t<div class=\"elementor-element elementor-element-2671ac7 elementor-widget elementor-widget-spacer\" data-id=\"2671ac7\" data-element_type=\"widget\" data-e-type=\"widget\" data-widget_type=\"spacer.default\">\n\t\t\t\t<div class=\"elementor-widget-container\">\n\t\t\t\t\t\t\t<div class=\"elementor-spacer\">\n\t\t\t<div class=\"elementor-spacer-inner\"><\/div>\n\t\t<\/div>\n\t\t\t\t\t\t<\/div>\n\t\t\t\t<\/div>\n\t\t\t\t<div class=\"elementor-element elementor-element-1ea93c2 elementor-widget elementor-widget-image\" data-id=\"1ea93c2\" data-element_type=\"widget\" data-e-type=\"widget\" data-widget_type=\"image.default\">\n\t\t\t\t<div class=\"elementor-widget-container\">\n\t\t\t\t\t\t\t\t\t\t\t\t\t\t\t<img decoding=\"async\" width=\"587\" height=\"532\" src=\"https:\/\/littlewondersmonaco.com\/wp-content\/uploads\/2025\/10\/Asset-33.png\" class=\"attachment-large size-large wp-image-24\" alt=\"\" srcset=\"https:\/\/littlewondersmonaco.com\/wp-content\/uploads\/2025\/10\/Asset-33.png 587w, https:\/\/littlewondersmonaco.com\/wp-content\/uploads\/2025\/10\/Asset-33-300x272.png 300w\" sizes=\"(max-width: 587px) 100vw, 587px\" \/>\t\t\t\t\t\t\t\t\t\t\t\t\t\t\t<\/div>\n\t\t\t\t<\/div>\n\t\t\t\t\t<\/div>\n\t\t<\/div>\n\t\t\t\t\t<\/div>\n\t\t<\/section>\n\t\t\t\t<\/div>","protected":false},"excerpt":{"rendered":"<p>HAPPY &amp; SAFE PLACE Little Wonders est n\u00e9 d\u2019une envie simple mais essentielle :cr\u00e9er un lieu o\u00f9 les enfants peuvent s\u2019\u00e9panouir, jouer et explorer en toute s\u00e9curit\u00e9, pendant que les parents profitent d\u2019un moment de d\u00e9tente, de partage et de s\u00e9r\u00e9nit\u00e9. Chez Little Wonders, jouer rime avec apprendre, grandir et s\u2019\u00e9merveiller. Parce que les parents&#8230;<\/p>","protected":false},"author":1,"featured_media":0,"parent":0,"menu_order":0,"comment_status":"closed","ping_status":"closed","template":"","meta":{"_uag_custom_page_level_css":"","_kadence_starter_templates_imported_post":false,"_kad_post_transparent":"","_kad_post_title":"hide","_kad_post_layout":"fullwidth","_kad_post_sidebar_id":"","_kad_post_content_style":"unboxed","_kad_post_vertical_padding":"hide","_kad_post_feature":"hide","_kad_post_feature_position":"","_kad_post_header":false,"_kad_post_footer":false,"_kad_post_classname":"","footnotes":""},"class_list":["post-268","page","type-page","status-publish","hentry"],"uagb_featured_image_src":{"full":false,"thumbnail":false,"medium":false,"medium_large":false,"large":false,"1536x1536":false,"2048x2048":false,"trp-custom-language-flag":false,"woocommerce_thumbnail":false,"woocommerce_single":false,"woocommerce_gallery_thumbnail":false},"uagb_author_info":{"display_name":"admin","author_link":"https:\/\/littlewondersmonaco.com\/en\/author\/admin\/"},"uagb_comment_info":0,"uagb_excerpt":"HAPPY &amp; SAFE PLACE Little Wonders est n\u00e9 d\u2019une envie simple mais essentielle :cr\u00e9er un lieu o\u00f9 les enfants peuvent s\u2019\u00e9panouir, jouer et explorer en toute s\u00e9curit\u00e9, pendant que les parents profitent d\u2019un moment de d\u00e9tente, de partage et de s\u00e9r\u00e9nit\u00e9. Chez Little Wonders, jouer rime avec apprendre, grandir et s\u2019\u00e9merveiller. Parce que les parents...","_links":{"self":[{"href":"https:\/\/littlewondersmonaco.com\/en\/wp-json\/wp\/v2\/pages\/268","targetHints":{"allow":["GET"]}}],"collection":[{"href":"https:\/\/littlewondersmonaco.com\/en\/wp-json\/wp\/v2\/pages"}],"about":[{"href":"https:\/\/littlewondersmonaco.com\/en\/wp-json\/wp\/v2\/types\/page"}],"author":[{"embeddable":true,"href":"https:\/\/littlewondersmonaco.com\/en\/wp-json\/wp\/v2\/users\/1"}],"replies":[{"embeddable":true,"href":"https:\/\/littlewondersmonaco.com\/en\/wp-json\/wp\/v2\/comments?post=268"}],"version-history":[{"count":94,"href":"https:\/\/littlewondersmonaco.com\/en\/wp-json\/wp\/v2\/pages\/268\/revisions"}],"predecessor-version":[{"id":1217,"href":"https:\/\/littlewondersmonaco.com\/en\/wp-json\/wp\/v2\/pages\/268\/revisions\/1217"}],"wp:attachment":[{"href":"https:\/\/littlewondersmonaco.com\/en\/wp-json\/wp\/v2\/media?parent=268"}],"curies":[{"name":"wp","href":"https:\/\/api.w.org\/{rel}","templated":true}]}}